{"id":132,"date":"2024-06-17T21:27:34","date_gmt":"2024-06-17T19:27:34","guid":{"rendered":"https:\/\/chantsetnotes.fr\/?page_id=132"},"modified":"2024-12-10T22:59:40","modified_gmt":"2024-12-10T21:59:40","slug":"equipe-et-projet-pedagogiques","status":"publish","type":"page","link":"https:\/\/chantsetnotes.fr\/?page_id=132","title":{"rendered":"Equipe P\u00e9dagogique"},"content":{"rendered":"\n<h2 class=\"wp-block-heading has-x-large-font-size\">Notre \u00e9quipe p\u00e9dagogique<\/h2>\n\n\n\n<div id=\"wpdevart_org_chart_1\" class=\"wpdevart_org_chart\"><div class=\"wpdevart_org_chart_container_parent\" id=\"wpdevart_org_chart_container_parent_1\"><div class=\"wpdevart_org_chart_container \" id=\"wpdevart_org_chart_container_1\"><ul ><li class=\"has_children next_no_children\" data-children=8><div class=\"wpda_tree_item_container\" id=\"wpda_item_container_1\" ><span class=\"wpda_tree_line\"><\/span><div class=\"\"><div class=\"wpda_tree_item_img_cont \"><img decoding=\"async\" class=\"wpda_tree_item_img\" src=\"https:\/\/chantsetnotes.fr\/wp-content\/uploads\/2024\/08\/Manue-rotated.jpg\"><\/div><div tabindex=\"0\" class=\"wpda_tree_item_title \">Coordonnatrice - Saxophone et Clarinette<\/div><div tabindex=\"0\" class=\"wpda_tree_item_desc \">Emmanuelle Beaujouan<\/div><\/div><\/div><ul ><li class=\"no_children next_no_children\" data-children=0><div class=\"wpda_tree_item_container\" id=\"wpda_item_container_2\" ><span class=\"wpda_tree_line\"><\/span><div class=\"\"><div class=\"wpda_tree_item_img_cont \"><img decoding=\"async\" class=\"wpda_tree_item_img\" src=\"https:\/\/chantsetnotes.fr\/wp-content\/uploads\/2024\/08\/Antoine-Joneau-piano-scaled-e1725035710991.jpg\"><\/div><div tabindex=\"0\" class=\"wpda_tree_item_title \">Piano<\/div><div tabindex=\"0\" class=\"wpda_tree_item_desc \">Antoine Joneau<\/div><\/div><\/div><\/li><li class=\"no_children next_no_children\" data-children=0><div class=\"wpda_tree_item_container\" id=\"wpda_item_container_3\" ><span class=\"wpda_tree_line\"><\/span><div class=\"\"><div class=\"wpda_tree_item_img_cont \"><img decoding=\"async\" class=\"wpda_tree_item_img\" src=\"https:\/\/chantsetnotes.fr\/wp-content\/uploads\/2024\/09\/Marie-Accordeon-eveil-musical-et-piano-scaled.jpg\"><\/div><div tabindex=\"0\" class=\"wpda_tree_item_title \">Piano, Accord\u00e9on et \u00e9veil musical<\/div><div tabindex=\"0\" class=\"wpda_tree_item_desc \">Marie Le Guen<\/div><\/div><\/div><\/li><li class=\"no_children next_no_children\" data-children=0><div class=\"wpda_tree_item_container\" id=\"wpda_item_container_4\" ><span class=\"wpda_tree_line\"><\/span><div class=\"\"><div class=\"wpda_tree_item_img_cont \"><img decoding=\"async\" class=\"wpda_tree_item_img\" src=\"https:\/\/chantsetnotes.fr\/wp-content\/uploads\/2024\/08\/Zoe-Canteux-flute-et-atelier-vocal-e1725035879951.jpg\"><\/div><div tabindex=\"0\" class=\"wpda_tree_item_title \">Fl\u00fbte et atelier vocal<\/div><div tabindex=\"0\" class=\"wpda_tree_item_desc \">Zo\u00e9 Canteux<\/div><\/div><\/div><\/li><li class=\"no_children next_no_children\" data-children=0><div class=\"wpda_tree_item_container\" id=\"wpda_item_container_5\" ><span class=\"wpda_tree_line\"><\/span><div class=\"\"><div class=\"wpda_tree_item_img_cont \"><img decoding=\"async\" class=\"wpda_tree_item_img\" src=\"https:\/\/chantsetnotes.fr\/wp-content\/uploads\/2024\/08\/Charles-Henry-Duquesnay-Piano-scaled.jpg\"><\/div><div tabindex=\"0\" class=\"wpda_tree_item_title \">Piano<\/div><div tabindex=\"0\" class=\"wpda_tree_item_desc \">Charles-Henry Duquesnay <\/div><\/div><\/div><\/li><li class=\"no_children next_no_children\" data-children=0><div class=\"wpda_tree_item_container\" id=\"wpda_item_container_6\" ><span class=\"wpda_tree_line\"><\/span><div class=\"\"><div class=\"wpda_tree_item_img_cont \"><img decoding=\"async\" class=\"wpda_tree_item_img\" src=\"https:\/\/chantsetnotes.fr\/wp-content\/uploads\/2025\/11\/1000047943-scaled.jpg\"><\/div><div tabindex=\"0\" class=\"wpda_tree_item_title \">Violon<\/div><div tabindex=\"0\" class=\"wpda_tree_item_desc \">Philippine Cornet<\/div><\/div><\/div><\/li><li class=\"no_children next_no_children\" data-children=0><div class=\"wpda_tree_item_container\" id=\"wpda_item_container_7\" ><span class=\"wpda_tree_line\"><\/span><div class=\"\"><div class=\"wpda_tree_item_img_cont \"><img decoding=\"async\" class=\"wpda_tree_item_img\" src=\"https:\/\/chantsetnotes.fr\/wp-content\/uploads\/2025\/11\/1000022826.jpg\"><\/div><div tabindex=\"0\" class=\"wpda_tree_item_title \">Chant &amp; Chorales<\/div><div tabindex=\"0\" class=\"wpda_tree_item_desc \">Sandy Lecomte<\/div><\/div><\/div><\/li><li class=\"no_children next_no_children\" data-children=0><div class=\"wpda_tree_item_container\" id=\"wpda_item_container_8\" ><span class=\"wpda_tree_line\"><\/span><div class=\"\"><div class=\"wpda_tree_item_img_cont \"><img decoding=\"async\" class=\"wpda_tree_item_img\" src=\"https:\/\/chantsetnotes.fr\/wp-content\/uploads\/2024\/08\/Steven-Daviet-batterie.jpg\"><\/div><div tabindex=\"0\" class=\"wpda_tree_item_title \">Batterie<\/div><div tabindex=\"0\" class=\"wpda_tree_item_desc \">Steven Daviet<\/div><\/div><\/div><\/li><li class=\"no_children next_no_children\" data-children=0><div class=\"wpda_tree_item_container\" id=\"wpda_item_container_9\" ><span class=\"wpda_tree_line\"><\/span><div class=\"\"><div class=\"wpda_tree_item_img_cont \"><img decoding=\"async\" class=\"wpda_tree_item_img\" src=\"https:\/\/chantsetnotes.fr\/wp-content\/uploads\/2024\/08\/Pedram-Javaheripour-guitare.jpg\"><\/div><div tabindex=\"0\" class=\"wpda_tree_item_title \">Guitare<\/div><div tabindex=\"0\" class=\"wpda_tree_item_desc \">Pedram Javaheripour<\/div><\/div><\/div><\/li><\/ul><\/li><\/ul><\/div><\/div><\/div><script>document.addEventListener(\"DOMContentLoaded\", function(event) { var wpda_org_chart_1= new wpdevart_org_chart_front(\"wpdevart_org_chart_container_1\",{mobile_frendly:\"mob_view_only_on_mob\",mobile_size:450,def_scroll:100, zoomable:\"disable\", draggable:\"disable\", default_zoom:\"100\", max_zoomable:\"1\", min_zoomable:\"10\", zoom_speed:\"10\"})});<\/script><style>#wpdevart_org_chart_container_parent_1{overflow-x:auto;}#wpdevart_org_chart_container_1{\r\n\t\t\tbackground-image: linear-gradient(to right, #ffffff, #ffffff);\r\n\t\t\tpadding-top:20px;\r\n\t\t\tpadding-right:;\r\n\t\t\tpadding-bottom:20px;\r\n\t\t\tpadding-left:0px;\r\n\t\t\tborder-style: outset;\r\n\t\t\tborder-color: #1e73be;\r\n\t\t\tborder-width: ;\r\n\t\t\tborder-radius: ;  \r\n\t\t}#wpdevart_org_chart_container_1 li{margin-top: 1px;}#wpdevart_org_chart_container_1 ul ul::before{left: calc(50% - 0.5px);\r\n\t\t\tborder-left: 1px solid #1e73be;\r\n\t\t\theight: 21px;\r\n\t\t\ttop: 0px;\r\n\t\t}#wpdevart_org_chart_container_1 li::before, #wpdevart_org_chart_container_1 li::after{\r\n\t\t\ttop: -1px;\r\n\t\t\tright: calc(50% - 0.5px);\r\n\t\t\twidth: calc(50% + 1px);\r\n\t\t\tborder-top: 1px solid #1e73be;\r\n\t\t\theight: 21px;\r\n\t\t}#wpdevart_org_chart_container_1 li:after{\r\n\t\t\tleft: calc(50% - 0.5px);\r\n\t\t\tborder-left: 1px solid #1e73be;\r\n\t\t}#wpdevart_org_chart_container_1 li:last-child::before{\r\n\t\t\tborder-right: 1px solid #1e73be;\r\n\t\t}#wpdevart_org_chart_container_1 li:first-child::before, #wpdevart_org_chart_container_1 li:last-child::after {\r\n\t\t  border: 0 none;\r\n\t\t}@media screen and (max-width: 1000px) {#wpdevart_org_chart_container_1{\r\n\t\t\tpadding-top:0px;\r\n\t\t\tpadding-right:0px;\r\n\t\t\tpadding-bottom:0px;\r\n\t\t\tpadding-left:0px;\t\t\r\n\t\t}}@media screen and (max-width: 450px) {#wpdevart_org_chart_container_1{\r\n\t\t\tpadding-top:0px;\r\n\t\t\tpadding-right:0px;\r\n\t\t\tpadding-bottom:0px;\r\n\t\t\tpadding-left:0px;\t\t\r\n\t\t}}#wpdevart_org_chart_container_1 .chart_wpda_mobile_after.has_children > ul:before{\r\n\t\t\ttop:-80px;\r\n\t\t\tleft:0px;\r\n\t\t\theight:80px;\r\n\t\t}#wpdevart_org_chart_container_1 .chart_wpda_mobile_after.has_children li .wpda_tree_item_container:after{\r\n\t\t\tborder-top: 1px solid #1e73be;\r\n\t\t}#wpdevart_org_chart_container_1 .chart_wpda_mobile_after.has_children li .wpda_tree_item_container:after{\r\n\t\t\tborder-top: 1px solid #1e73be;\r\n\t\t}#wpdevart_org_chart_container_1 .chart_wpda_mobile_after > ul li{\r\n\t\t\tborder-left:1px solid #1e73be;\r\n\t\t}#wpdevart_org_chart_container_1 .chart_wpda_mobile_after.has_children > .wpda_tree_item_container:before,#wpdevart_org_chart_container_1 .chart_wpda_mobile_after li.has_children > .wpda_tree_item_container:before{\r\n\t\t\tcontent: \"\";\r\n\t\t\tborder-left:1px solid #1e73be;\r\n\t\t}#wpdevart_org_chart_container_1 .chart_wpda_mobile_after li{\r\n\t\t\tmargin-top:0px;\r\n\t\t}#wpdevart_org_chart_container_1 .chart_wpda_mobile_after > ul li:last-child{\r\n\t\t\tborder-left: 0;\r\n\t\t}#wpdevart_org_chart_container_1 .chart_wpda_mobile_after > ul li:last-child > div > span.wpda_tree_line{\r\n\t\t\tborder-left: 1px solid #1e73be;\r\n\t\t}#wpdevart_org_chart_container_1 .chart_wpda_mobile_after.has_children li .wpda_tree_item_container:after {\r\n\t\t\ttop: calc(50% - 0.5px);\r\n\t\t}#wpdevart_org_chart_container_1 .chart_wpda_mobile_after li.has_children li .wpda_tree_item_container:after {\r\n\t\t\ttop: calc(50% - 0.5px);\r\n\t\t}.first_child_hidden#wpdevart_org_chart_container_1 .chart_wpda_mobile_after > ul > li > ul > li:first-child::before{\r\n\t\t\tborder-left: 1px solid #1e73be;\r\n\t\t\ttop: 80px;\r\n\t\t\theight: calc(100% - 80px);\r\n\t\t\tleft:0px;\r\n\t\t\twidth:0px;\r\n\t\t}.first_child_hidden#wpdevart_org_chart_container_1 .chart_wpda_mobile_after > ul > li > div.wpda_tree_item_container:before{\r\n\t\t\tborder:none;\r\n\t\t}#wpdevart_org_chart_container_1 .chart_wpda_mobile_after > ul li:last-child > .wpda_tree_item_container{\r\n\t\t\tpadding-left: 21px;\r\n\t\t}#wpdevart_org_chart_container_1 .chart_wpda_mobile_after > ul li:last-child > .wpda_tree_item_container:after{\r\n\t\t\twidth: 21px;\r\n\t\t}#wpdevart_org_chart_container_1 .chart_wpda_mobile_after > ul li:last-child > .wpda_tree_item_container:before{\r\n\t\t\tleft: 21px;\r\n\t\t}#wpdevart_org_chart_container_1 .chart_wpda_mobile_after > ul li:last-child > ul{\r\n\t\t\tmargin-left: 1px;\r\n\t\t}#wpdevart_org_chart_container_1 .wpdevart_highlight{\r\n\t\t\tbackground-color: #dbe908;\r\n\t\t}.wpda_mobile#wpdevart_org_chart_container_1 li.has_children > ul:before{\r\n\t\t\ttop:-80px;\r\n\t\t\tleft:0px;\r\n\t\t\theight:80px;\r\n\t\t}.wpda_mobile#wpdevart_org_chart_container_1 li.has_children li .wpda_tree_item_container:after{\r\n\t\t\tborder-top: 1px solid #1e73be;\r\n\t\t}#wpdevart_org_chart_container_1 .chart_wpda_mobile_after li.has_children li .wpda_tree_item_container:after{\r\n\t\t\tborder-top: 1px solid #1e73be;\r\n\t\t}.wpda_mobile#wpdevart_org_chart_container_1 > ul > li > ul li{\r\n\t\t\tborder-left:1px solid #1e73be;\r\n\t\t}.wpda_mobile#wpdevart_org_chart_container_1 li.has_children > .wpda_tree_item_container:before{\r\n\t\t\tcontent: \"\";\r\n\t\t\tborder-left:1px solid #1e73be;\r\n\t\t}.wpda_mobile#wpdevart_org_chart_container_1 li{\r\n\t\t\tmargin-top:0px;\r\n\t\t}.wpda_mobile#wpdevart_org_chart_container_1 > ul > li > ul li:last-child{\r\n\t\t\tborder-left: 0;\r\n\t\t}.wpda_mobile#wpdevart_org_chart_container_1 > ul > li > ul li:last-child > div > span.wpda_tree_line{\r\n\t\t\tborder-left: 1px solid #1e73be;\r\n\t\t}.wpda_mobile#wpdevart_org_chart_container_1 li.has_children li .wpda_tree_item_container:after {\r\n\t\t\ttop: calc(50% - 0.5px);\r\n\t\t}#wpdevart_org_chart_container_1 .chart_wpda_mobile_after li.has_children li .wpda_tree_item_container:after {\r\n\t\t\ttop: calc(50% - 0.5px);\r\n\t\t}.wpda_mobile.first_child_hidden#wpdevart_org_chart_container_1 > ul > li > ul > li:first-child::before{\r\n\t\t\tborder-left: 1px solid #1e73be;\r\n\t\t\ttop: 80px;\r\n\t\t\theight: calc(100% - 80px);\r\n\t\t\tleft:0px;\r\n\t\t\twidth:0px;\r\n\t\t}.wpda_mobile.first_child_hidden#wpdevart_org_chart_container_1  > ul > li > div.wpda_tree_item_container:before{\r\n\t\t\tborder:none;\r\n\t\t}.wpda_mobile#wpdevart_org_chart_container_1  > ul > li > ul li:last-child > .wpda_tree_item_container{\r\n\t\t\tpadding-left: 21px;\r\n\t\t}.wpda_mobile#wpdevart_org_chart_container_1  > ul > li > ul li:last-child > .wpda_tree_item_container:after{\r\n\t\t\twidth: 21px;\r\n\t\t}.wpda_mobile#wpdevart_org_chart_container_1  > ul > li > ul li:last-child > .wpda_tree_item_container:before{\r\n\t\t\tleft: 21px;\r\n\t\t}.wpda_mobile#wpdevart_org_chart_container_1 > ul > li > ul li:last-child >ul{\r\n\t\t\tmargin-left: 1px;\r\n\t\t}<\/style>\n\n\n\n<div class=\"wp-block-group\"><div class=\"wp-block-group__inner-container is-layout-constrained wp-block-group-is-layout-constrained\">\n<h2 class=\"wp-block-heading\">Concert de No\u00ebl 2023<\/h2>\n\n\n\n<figure class=\"wp-block-image size-large\"><img loading=\"lazy\" decoding=\"async\" width=\"1024\" height=\"1024\" src=\"https:\/\/chantsetnotes.fr\/wp-content\/uploads\/2024\/08\/20231215-Concert-de-Noel-1024x1024.jpeg\" alt=\"\" class=\"wp-image-286\" srcset=\"https:\/\/chantsetnotes.fr\/wp-content\/uploads\/2024\/08\/20231215-Concert-de-Noel-1024x1024.jpeg 1024w, https:\/\/chantsetnotes.fr\/wp-content\/uploads\/2024\/08\/20231215-Concert-de-Noel-300x300.jpeg 300w, https:\/\/chantsetnotes.fr\/wp-content\/uploads\/2024\/08\/20231215-Concert-de-Noel-150x150.jpeg 150w, https:\/\/chantsetnotes.fr\/wp-content\/uploads\/2024\/08\/20231215-Concert-de-Noel-768x768.jpeg 768w, https:\/\/chantsetnotes.fr\/wp-content\/uploads\/2024\/08\/20231215-Concert-de-Noel-1536x1536.jpeg 1536w, https:\/\/chantsetnotes.fr\/wp-content\/uploads\/2024\/08\/20231215-Concert-de-Noel-2048x2048.jpeg 2048w\" sizes=\"auto, (max-width: 1024px) 100vw, 1024px\" \/><\/figure>\n<\/div><\/div>\n","protected":false},"excerpt":{"rendered":"<p>Notre \u00e9quipe p\u00e9dagogique Concert de No\u00ebl 2023<\/p>\n","protected":false},"author":1,"featured_media":0,"parent":0,"menu_order":0,"comment_status":"closed","ping_status":"closed","template":"","meta":{"_EventAllDay":false,"_EventTimezone":"","_EventStartDate":"","_EventEndDate":"","_EventStartDateUTC":"","_EventEndDateUTC":"","_EventShowMap":false,"_EventShowMapLink":false,"_EventURL":"","_EventCost":"","_EventCostDescription":"","_EventCurrencySymbol":"","_EventCurrencyCode":"","_EventCurrencyPosition":"","_EventDateTimeSeparator":"","_EventTimeRangeSeparator":"","_EventOrganizerID":[],"_EventVenueID":[],"_OrganizerEmail":"","_OrganizerPhone":"","_OrganizerWebsite":"","_VenueAddress":"","_VenueCity":"","_VenueCountry":"","_VenueProvince":"","_VenueState":"","_VenueZip":"","_VenuePhone":"","_VenueURL":"","_VenueStateProvince":"","_VenueLat":"","_VenueLng":"","_VenueShowMap":false,"_VenueShowMapLink":false,"footnotes":""},"class_list":["post-132","page","type-page","status-publish"],"_links":{"self":[{"href":"https:\/\/chantsetnotes.fr\/index.php?rest_route=\/wp\/v2\/pages\/132","targetHints":{"allow":["GET"]}}],"collection":[{"href":"https:\/\/chantsetnotes.fr\/index.php?rest_route=\/wp\/v2\/pages"}],"about":[{"href":"https:\/\/chantsetnotes.fr\/index.php?rest_route=\/wp\/v2\/types\/page"}],"author":[{"embeddable":true,"href":"https:\/\/chantsetnotes.fr\/index.php?rest_route=\/wp\/v2\/users\/1"}],"replies":[{"embeddable":true,"href":"https:\/\/chantsetnotes.fr\/index.php?rest_route=%2Fwp%2Fv2%2Fcomments&post=132"}],"version-history":[{"count":8,"href":"https:\/\/chantsetnotes.fr\/index.php?rest_route=\/wp\/v2\/pages\/132\/revisions"}],"predecessor-version":[{"id":354,"href":"https:\/\/chantsetnotes.fr\/index.php?rest_route=\/wp\/v2\/pages\/132\/revisions\/354"}],"wp:attachment":[{"href":"https:\/\/chantsetnotes.fr\/index.php?rest_route=%2Fwp%2Fv2%2Fmedia&parent=132"}],"curies":[{"name":"wp","href":"https:\/\/api.w.org\/{rel}","templated":true}]}}